{"id":165,"date":"2026-03-06T14:25:45","date_gmt":"2026-03-06T14:25:45","guid":{"rendered":"https:\/\/ganassurancesghisonacciamoriani.mastermarketing.cloud\/?page_id=165"},"modified":"2026-03-25T20:11:24","modified_gmt":"2026-03-25T20:11:24","slug":"podcast","status":"publish","type":"page","link":"https:\/\/ganassurancesghisonacciamoriani.mastermarketing.cloud\/index.php\/podcast\/","title":{"rendered":"Voix\u00a0Insulaires"},"content":{"rendered":"\n<p><em>&#8220;Les&nbsp;histoires&nbsp;qui&nbsp;fa\u00e7onnent&nbsp;la&nbsp;Corse&#8221;<\/em><\/p>\n\n\n\n<figure class=\"wp-block-image alignwide size-large\"><img loading=\"lazy\" decoding=\"async\" width=\"1024\" height=\"576\" src=\"https:\/\/ganassurancesghisonacciamoriani.mastermarketing.cloud\/wp-content\/uploads\/2026\/03\/Capture-decran-2026-03-25-a-21.06.56-1024x576.png\" alt=\"\" class=\"wp-image-364\" srcset=\"https:\/\/ganassurancesghisonacciamoriani.mastermarketing.cloud\/wp-content\/uploads\/2026\/03\/Capture-decran-2026-03-25-a-21.06.56-1024x576.png 1024w, https:\/\/ganassurancesghisonacciamoriani.mastermarketing.cloud\/wp-content\/uploads\/2026\/03\/Capture-decran-2026-03-25-a-21.06.56-300x169.png 300w, https:\/\/ganassurancesghisonacciamoriani.mastermarketing.cloud\/wp-content\/uploads\/2026\/03\/Capture-decran-2026-03-25-a-21.06.56-768x432.png 768w, https:\/\/ganassurancesghisonacciamoriani.mastermarketing.cloud\/wp-content\/uploads\/2026\/03\/Capture-decran-2026-03-25-a-21.06.56-1536x864.png 1536w, https:\/\/ganassurancesghisonacciamoriani.mastermarketing.cloud\/wp-content\/uploads\/2026\/03\/Capture-decran-2026-03-25-a-21.06.56-2048x1152.png 2048w\" sizes=\"auto, (max-width: 1024px) 100vw, 1024px\" \/><\/figure>\n\n\n\n<figure class=\"wp-block-image alignwide size-large\"><img loading=\"lazy\" decoding=\"async\" width=\"1024\" height=\"576\" src=\"https:\/\/ganassurancesghisonacciamoriani.mastermarketing.cloud\/wp-content\/uploads\/2026\/03\/Capture-decran-2026-03-25-a-21.07.13-1024x576.png\" alt=\"\" class=\"wp-image-365\" srcset=\"https:\/\/ganassurancesghisonacciamoriani.mastermarketing.cloud\/wp-content\/uploads\/2026\/03\/Capture-decran-2026-03-25-a-21.07.13-1024x576.png 1024w, https:\/\/ganassurancesghisonacciamoriani.mastermarketing.cloud\/wp-content\/uploads\/2026\/03\/Capture-decran-2026-03-25-a-21.07.13-300x169.png 300w, https:\/\/ganassurancesghisonacciamoriani.mastermarketing.cloud\/wp-content\/uploads\/2026\/03\/Capture-decran-2026-03-25-a-21.07.13-768x432.png 768w, https:\/\/ganassurancesghisonacciamoriani.mastermarketing.cloud\/wp-content\/uploads\/2026\/03\/Capture-decran-2026-03-25-a-21.07.13-1536x864.png 1536w, https:\/\/ganassurancesghisonacciamoriani.mastermarketing.cloud\/wp-content\/uploads\/2026\/03\/Capture-decran-2026-03-25-a-21.07.13-2048x1152.png 2048w\" sizes=\"auto, (max-width: 1024px) 100vw, 1024px\" \/><\/figure>\n\n\n\n<div class=\"wp-block-media-text alignwide is-stacked-on-mobile\" style=\"padding-top:0;padding-bottom:0;grid-template-columns:27% auto\"><figure class=\"wp-block-media-text__media\"><img loading=\"lazy\" decoding=\"async\" width=\"272\" height=\"182\" src=\"https:\/\/ganassurancesghisonacciamoriani.mastermarketing.cloud\/wp-content\/uploads\/2026\/03\/Capture-decran-2026-03-23-a-12.59.32.png\" alt=\"\" class=\"wp-image-257 size-full\"\/><\/figure><div class=\"wp-block-media-text__content\">\n<p>La&nbsp;Corse&nbsp;est&nbsp;une&nbsp;terre&nbsp;d\u2019histoires.<br>Des&nbsp;histoires&nbsp;de&nbsp;transmission,&nbsp;de&nbsp;caract\u00e8re,&nbsp;de&nbsp;traditions&nbsp;et&nbsp;d\u2019avenir.<\/p>\n\n\n\n<p>Pourtant,&nbsp;beaucoup&nbsp;de&nbsp;ces&nbsp;voix&nbsp;restent&nbsp;invisibles.<\/p>\n\n\n\n<p><strong>Voix&nbsp;Insulaires&nbsp;est&nbsp;n\u00e9&nbsp;d\u2019une&nbsp;conviction&nbsp;simple :<\/strong><br>donner&nbsp;la&nbsp;parole&nbsp;\u00e0&nbsp;celles&nbsp;et&nbsp;ceux&nbsp;qui&nbsp;font&nbsp;vivre&nbsp;l\u2019\u00eele,&nbsp;au&nbsp;quotidien.<\/p>\n\n\n\n<p>Entrepreneurs,&nbsp;artisans,&nbsp;artistes,&nbsp;figures&nbsp;locales&nbsp;ou&nbsp;personnalit\u00e9s&nbsp;discr\u00e8tes\u2026<br>chaque&nbsp;\u00e9pisode&nbsp;raconte&nbsp;un&nbsp;parcours,&nbsp;une&nbsp;vision&nbsp;et&nbsp;un&nbsp;lien&nbsp;particulier&nbsp;avec&nbsp;l\u2019insularit\u00e9.<\/p>\n<\/div><\/div>\n\n\n\n<div class=\"wp-block-group alignfull has-background is-layout-constrained wp-container-core-group-is-layout-bfea4d22 wp-block-group-is-layout-constrained\" style=\"background-color:#2896da;margin-top:0rem;margin-bottom:0rem;padding-top:100px;padding-right:30px;padding-bottom:100px;padding-left:30px\">\n<div class=\"wp-block-columns alignwide gutenify-section-f947ac60-d092-11ed-8ce7-6b0c7b3708f0 is-layout-flex wp-container-core-columns-is-layout-9d165509 wp-block-columns-is-layout-flex\">\n<div class=\"wp-block-column is-vertically-aligned-center gutenify-section-f9478550-d092-11ed-8ce7-6b0c7b3708f0 is-layout-flow wp-block-column-is-layout-flow\" style=\"flex-basis:55%\">\n<div class=\"wp-block-group gutenify-section-f9475e40-d092-11ed-8ce7-6b0c7b3708f0 is-layout-flow wp-block-group-is-layout-flow\">\n<div class=\"wp-block-cover\" style=\"min-height:431px;aspect-ratio:unset;\"><img loading=\"lazy\" decoding=\"async\" width=\"1024\" height=\"667\" class=\"wp-block-cover__image-background wp-image-261 size-large\" alt=\"\" src=\"https:\/\/ganassurancesghisonacciamoriani.mastermarketing.cloud\/wp-content\/uploads\/2026\/03\/Capture-decran-2026-03-23-a-13.01.27-1024x667.png\" data-object-fit=\"cover\" srcset=\"https:\/\/ganassurancesghisonacciamoriani.mastermarketing.cloud\/wp-content\/uploads\/2026\/03\/Capture-decran-2026-03-23-a-13.01.27-1024x667.png 1024w, https:\/\/ganassurancesghisonacciamoriani.mastermarketing.cloud\/wp-content\/uploads\/2026\/03\/Capture-decran-2026-03-23-a-13.01.27-300x195.png 300w, https:\/\/ganassurancesghisonacciamoriani.mastermarketing.cloud\/wp-content\/uploads\/2026\/03\/Capture-decran-2026-03-23-a-13.01.27-768x500.png 768w, https:\/\/ganassurancesghisonacciamoriani.mastermarketing.cloud\/wp-content\/uploads\/2026\/03\/Capture-decran-2026-03-23-a-13.01.27.png 1418w\" sizes=\"auto, (max-width: 1024px) 100vw, 1024px\" \/><span aria-hidden=\"true\" class=\"wp-block-cover__background has-background-dim-0 has-background-dim\" style=\"background-color:#817343\"><\/span><div class=\"wp-block-cover__inner-container is-layout-flow wp-block-cover-is-layout-flow\">\n<div class=\"wp-block-group gutenify-section-f944ed40-d092-11ed-8ce7-6b0c7b3708f0 is-layout-constrained wp-block-group-is-layout-constrained\">\n<figure class=\"wp-block-image aligncenter size-full is-resized pulse-animation wp-duotone-cf2e2e-fff-1\"><a href=\"#\"><img decoding=\"async\" src=\"https:\/\/ganassurancesghisonacciamoriani.mastermarketing.cloud\/wp-content\/themes\/gutenify-base\/images\/play-button.png\" alt=\"\" class=\"wp-image-2195\" style=\"width:88px;height:88px\" title=\"\"\/><\/a><\/figure>\n<\/div>\n<\/div><\/div>\n<\/div>\n<\/div>\n\n\n\n<div class=\"wp-block-column is-vertically-aligned-center gutenify-section-f9447810-d092-11ed-8ce7-6b0c7b3708f0 is-layout-flow wp-block-column-is-layout-flow\" style=\"flex-basis:45%\">\n<div class=\"wp-block-group gutenify-section-f9445100-d092-11ed-8ce7-6b0c7b3708f0 is-layout-flow wp-block-group-is-layout-flow\">\n<div class=\"wp-block-group alignwide is-layout-flow wp-container-core-group-is-layout-1735c138 wp-block-group-is-layout-flow\" style=\"padding-bottom:0px\">\n<div class=\"wp-block-group is-layout-constrained wp-container-core-group-is-layout-f738f5b1 wp-block-group-is-layout-constrained\">\n<h1 class=\"wp-block-heading has-text-align-left\">Premier \u00e9pisode : Le Domaine Mondange<\/h1>\n<\/div>\n<\/div>\n\n\n\n<p class=\"animated animated-fadeInUp has-normal-font-size\">Le premier \u00e9pisode est en cours d&#8217;enregistrement, et sera consacr\u00e9 au Domaine Mondange situ\u00e9 \u00e0 Saint Antoine.<\/p>\n\n\n\n<p>Dans cet \u00e9pisode vous d\u00e9couvrirez les secrets de la r\u00e9ussite dans ce secteur d&#8217;activit\u00e9 qui n\u00e9cessite beaucoup de travail ainsi que le parcours de ses deux fr\u00e8res et soeurs, devenus associ\u00e9s dans cette aventure..<\/p>\n\n\n\n<div class=\"wp-block-buttons animated animated-fadeInUp is-layout-flex wp-block-buttons-is-layout-flex\" style=\"margin-top:2.25rem\">\n<div class=\"wp-block-button  animated animated-fadeInUp\"><a class=\"wp-block-button__link wp-element-button\">\u00c9couter l&#8217;\u00e9pisode <\/a><\/div>\n<\/div>\n<\/div>\n<\/div>\n<\/div>\n<\/div>\n\n\n<p><!-- Begin Brevo Form --><br \/>\n<!-- START - We recommend to place the below code in head tag of your website html  --><\/p>\n<style>\n  @font-face {<br \/>\n    font-display: block;<br \/>\n    font-family: Roboto;<br \/>\n    src: url(https:\/\/assets.brevo.com\/font\/Roboto\/Latin\/normal\/normal\/7529907e9eaf8ebb5220c5f9850e3811.woff2) format(\"woff2\"), url(https:\/\/assets.brevo.com\/font\/Roboto\/Latin\/normal\/normal\/25c678feafdc175a70922a116c9be3e7.woff) format(\"woff\")<br \/>\n  }<\/p>\n<p>  @font-face {<br \/>\n    font-display: fallback;<br \/>\n    font-family: Roboto;<br \/>\n    font-weight: 600;<br \/>\n    src: url(https:\/\/assets.brevo.com\/font\/Roboto\/Latin\/medium\/normal\/6e9caeeafb1f3491be3e32744bc30440.woff2) format(\"woff2\"), url(https:\/\/assets.brevo.com\/font\/Roboto\/Latin\/medium\/normal\/71501f0d8d5aa95960f6475d5487d4c2.woff) format(\"woff\")<br \/>\n  }<\/p>\n<p>  @font-face {<br \/>\n    font-display: fallback;<br \/>\n    font-family: Roboto;<br \/>\n    font-weight: 700;<br \/>\n    src: url(https:\/\/assets.brevo.com\/font\/Roboto\/Latin\/bold\/normal\/3ef7cf158f310cf752d5ad08cd0e7e60.woff2) format(\"woff2\"), url(https:\/\/assets.brevo.com\/font\/Roboto\/Latin\/bold\/normal\/ece3a1d82f18b60bcce0211725c476aa.woff) format(\"woff\")<br \/>\n  }<\/p>\n<p>  #sib-container input:-ms-input-placeholder {<br \/>\n    text-align: left;<br \/>\n    font-family: Helvetica, sans-serif;<br \/>\n    color: #c0ccda;<br \/>\n  }<\/p>\n<p>  #sib-container input::placeholder {<br \/>\n    text-align: left;<br \/>\n    font-family: Helvetica, sans-serif;<br \/>\n    color: #c0ccda;<br \/>\n  }<\/p>\n<p>  #sib-container textarea::placeholder {<br \/>\n    text-align: left;<br \/>\n    font-family: Helvetica, sans-serif;<br \/>\n    color: #c0ccda;<br \/>\n  }<\/p>\n<p>  #sib-container a {<br \/>\n    text-decoration: underline;<br \/>\n    color: #2BB2FC;<br \/>\n  }<br \/>\n<\/style>\n<link rel=\"stylesheet\" href=\"https:\/\/sibforms.com\/forms\/end-form\/build\/sib-styles.css\">\n<!--  END - We recommend to place the above code in head tag of your website html --><\/p>\n<p><!-- START - We recommend to place the below code where you want the form in your website html  --><\/p>\n<div class=\"sib-form\" style=\"text-align: center;\n         background-color: #fdfdfd;                                 \"><\/p>\n<div id=\"sib-form-container\" class=\"sib-form-container\">\n<div id=\"error-message\" class=\"sib-form-message-panel\" style=\"font-size:16px; text-align:left; font-family:Helvetica, sans-serif; color:#661d1d; background-color:#ffeded; border-radius:3px; border-color:#ff4949;max-width:540px;\">\n<div class=\"sib-form-message-panel__text sib-form-message-panel__text--center\">\n        <svg viewBox=\"0 0 512 512\" class=\"sib-icon sib-notification__icon\">\n          <path d=\"M256 40c118.621 0 216 96.075 216 216 0 119.291-96.61 216-216 216-119.244 0-216-96.562-216-216 0-119.203 96.602-216 216-216m0-32C119.043 8 8 119.083 8 256c0 136.997 111.043 248 248 248s248-111.003 248-248C504 119.083 392.957 8 256 8zm-11.49 120h22.979c6.823 0 12.274 5.682 11.99 12.5l-7 168c-.268 6.428-5.556 11.5-11.99 11.5h-8.979c-6.433 0-11.722-5.073-11.99-11.5l-7-168c-.283-6.818 5.167-12.5 11.99-12.5zM256 340c-15.464 0-28 12.536-28 28s12.536 28 28 28 28-12.536 28-28-12.536-28-28-28z\" \/>\n        <\/svg><br \/>\n        <span class=\"sib-form-message-panel__inner-text\"><br \/>\n                          Une erreur s&#039;est produite lors de votre inscription. Merci de r\u00e9essayer dans quelques instants.<br \/>\n                      <\/span>\n      <\/div>\n<\/p>\n<\/div>\n<div><\/div>\n<div id=\"success-message\" class=\"sib-form-message-panel\" style=\"font-size:16px; text-align:left; font-family:Helvetica, sans-serif; color:#085229; background-color:#e7faf0; border-radius:3px; border-color:#13ce66;max-width:540px;\">\n<div class=\"sib-form-message-panel__text sib-form-message-panel__text--center\">\n        <svg viewBox=\"0 0 512 512\" class=\"sib-icon sib-notification__icon\">\n          <path d=\"M256 8C119.033 8 8 119.033 8 256s111.033 248 248 248 248-111.033 248-248S392.967 8 256 8zm0 464c-118.664 0-216-96.055-216-216 0-118.663 96.055-216 216-216 118.664 0 216 96.055 216 216 0 118.663-96.055 216-216 216zm141.63-274.961L217.15 376.071c-4.705 4.667-12.303 4.637-16.97-.068l-85.878-86.572c-4.667-4.705-4.637-12.303.068-16.97l8.52-8.451c4.705-4.667 12.303-4.637 16.97.068l68.976 69.533 163.441-162.13c4.705-4.667 12.303-4.637 16.97.068l8.451 8.52c4.668 4.705 4.637 12.303-.068 16.97z\" \/>\n        <\/svg><br \/>\n        <span class=\"sib-form-message-panel__inner-text\"><br \/>\n                          Merci pour votre inscription \u00e0 Voix Insulaires. Vous recevrez prochainement les \u00e9pisodes du podcast.<br \/>\n                      <\/span>\n      <\/div>\n<\/p>\n<\/div>\n<div><\/div>\n<div id=\"sib-container\" class=\"sib-container--large sib-container--vertical\" style=\"text-align:center; background-color:rgba(255,255,255,1); max-width:540px; border-radius:3px; border-width:1px; border-color:#156aea; border-style:solid; direction:ltr\">\n<form id=\"sib-form\" method=\"POST\" action=\"https:\/\/3f40114e.sibforms.com\/serve\/MUIFAIge9aZNNbBr0tSi_jqrBra4spdR99-2Us2dNkv-Gqq0eAjaN6gr5HaPPuA0PCINNDEMOsAyksSqxhgOlwiIHNgAY_z6D_9imB8-nlYf0Y11oNk-jrihHAcqfrta8eIJIVtdAiZx5D7dpURUYAQk_wwBzR_SVwo2aiA3oK8fFjLY7Czo_6aaPxE0d6rDqh1wa2Ci9Q9HUgkBuQ==\" data-type=\"subscription\">\n<div style=\"padding: 8px 0;\">\n<div class=\"sib-form-block\" style=\"font-size:18px; text-align:center; font-weight:700; text-decoration:underline; font-style:italic; font-family:Georgia, serif; color:#0c50ab; background-color:transparent; text-align:center\">\n<p>Recevez les nouveaux \u00e9pisodes de Voix Insulaires<\/p>\n<\/p>\n<\/div>\n<\/div>\n<div style=\"padding: 8px 0;\">\n<div class=\"sib-form-block\" style=\"font-size:16px; text-align:center; font-family:Helvetica, sans-serif; color:#3C4858; background-color:transparent; text-align:center\">\n<div class=\"sib-text-form-block\">\n<p>Inscrivez-vous pour \u00eatre averti d\u00e8s la sortie d&#8217;un nouvel \u00e9pisode et d\u00e9couvrir les histoires qui fa\u00e7onnent la Corse.<\/p>\n<\/p>\n<\/div>\n<\/div>\n<\/div>\n<div style=\"padding: 8px 0;\">\n<div class=\"sib-input sib-form-block\">\n<div class=\"form__entry entry_block\">\n<div class=\"form__label-row \">\n                <label class=\"entry__label\" style=\"font-weight: 700; text-align:center; font-size:16px; text-align:center; font-weight:700; font-family:Helvetica, sans-serif; color:#3c4858;\" for=\"EMAIL\" data-required=\"*\">Veuillez renseigner votre adresse email pour vous inscrire<\/label><\/p>\n<div class=\"entry__field\">\n                  <input class=\"input \" type=\"text\" id=\"EMAIL\" name=\"EMAIL\" autocomplete=\"off\" placeholder=\"EMAIL\" data-required=\"true\" required \/>\n                <\/div>\n<\/p>\n<\/div>\n<p>              <label class=\"entry__error entry__error--primary\" style=\"font-size:16px; text-align:left; font-family:Helvetica, sans-serif; color:#661d1d; background-color:#ffeded; border-radius:3px; border-color:#ff4949;\"><br \/>\n              <\/label><br \/>\n              <label class=\"entry__specification\" style=\"font-size:12px; text-align:left; font-family:Helvetica, sans-serif; color:#8390A4; text-align:left\"><br \/>\n                Veuillez renseigner votre adresse email pour vous inscrire. Ex. : abc@xyz.com<br \/>\n              <\/label>\n            <\/div>\n<\/p>\n<\/div>\n<\/div>\n<div style=\"padding: 8px 0;\">\n<div class=\"sib-form-block\" style=\"text-align: center\">\n            <button class=\"sib-form-block__button sib-form-block__button-with-loader\" style=\"font-size:16px; text-align:center; font-weight:700; font-family:Georgia, serif; color:#FFFFFF; background-color:#ed9d0e; border-radius:3px; border-width:0px;\" form=\"sib-form\" type=\"submit\"><br \/>\n              <svg class=\"icon clickable__icon progress-indicator__icon sib-hide-loader-icon\" viewBox=\"0 0 512 512\" style=\"\">\n                <path d=\"M460.116 373.846l-20.823-12.022c-5.541-3.199-7.54-10.159-4.663-15.874 30.137-59.886 28.343-131.652-5.386-189.946-33.641-58.394-94.896-95.833-161.827-99.676C261.028 55.961 256 50.751 256 44.352V20.309c0-6.904 5.808-12.337 12.703-11.982 83.556 4.306 160.163 50.864 202.11 123.677 42.063 72.696 44.079 162.316 6.031 236.832-3.14 6.148-10.75 8.461-16.728 5.01z\" \/>\n              <\/svg><br \/>\n              S&#039;INSCRIRE<br \/>\n            <\/button>\n          <\/div>\n<\/p>\n<\/div>\n<p>        <input type=\"text\" name=\"email_address_check\" value=\"\" class=\"input--hidden\"><br \/>\n        <input type=\"hidden\" name=\"locale\" value=\"fr\"><br \/>\n      <\/form>\n<\/p>\n<\/div>\n<\/div>\n<\/div>\n<p><!-- END - We recommend to place the above code where you want the form in your website html  --><\/p>\n<p><!-- START - We recommend to place the below code in footer or bottom of your website html  --><br \/>\n<script><br \/>\n  window.REQUIRED_CODE_ERROR_MESSAGE = 'Veuillez choisir un code pays';<br \/>\n  window.LOCALE = 'fr';<br \/>\n  window.EMAIL_INVALID_MESSAGE = window.SMS_INVALID_MESSAGE = \"L'adresse email que vous avez saisi ne semble pas valide. Merci de v\u00e9rifier votre adresse mail et de r\u00e9essayer.\";<\/p>\n<p>  window.REQUIRED_ERROR_MESSAGE = \"Merci votre adresse mail pour vous inscrire \u00e0 la newsletter \";<\/p>\n<p>  window.GENERIC_INVALID_MESSAGE = \"L&#039;adresse email que vous avez saisi ne semble pas valide. Merci de v\u00e9rifier votre adresse mail et de r\u00e9essayer.\";<\/p>\n<p>  window.translation = {<br \/>\n    common: {<br \/>\n      selectedList: '{quantity} liste s\u00e9lectionn\u00e9e',<br \/>\n      selectedLists: '{quantity} listes s\u00e9lectionn\u00e9es',<br \/>\n      selectedOption: '{quantity} s\u00e9lectionn\u00e9',<br \/>\n      selectedOptions: '{quantity} s\u00e9lectionn\u00e9s',<br \/>\n    }<br \/>\n  };<\/p>\n<p>  var AUTOHIDE = Boolean(0);<br \/>\n<\/script><\/p>\n<p><script defer src=\"https:\/\/sibforms.com\/forms\/end-form\/build\/main.js\"><\/script><\/p>\n<p><!-- END - We recommend to place the above code in footer or bottom of your website html  --><br \/>\n<!-- End Brevo Form --><\/p>","protected":false},"excerpt":{"rendered":"<p>&#8220;Les&nbsp;histoires&nbsp;qui&nbsp;fa\u00e7onnent&nbsp;la&nbsp;Corse&#8221; La&nbsp;Corse&nbsp;est&nbsp;une&nbsp;terre&nbsp;d\u2019histoires.Des&nbsp;histoires&nbsp;de&nbsp;transmission,&nbsp;de&nbsp;caract\u00e8re,&nbsp;de&nbsp;traditions&nbsp;et&nbsp;d\u2019avenir. Pourtant,&nbsp;beaucoup&nbsp;de&nbsp;ces&nbsp;voix&nbsp;restent&nbsp;invisibles. Voix&nbsp;Insulaires&nbsp;est&nbsp;n\u00e9&nbsp;d\u2019une&nbsp;conviction&nbsp;simple :donner&nbsp;la&nbsp;parole&nbsp;\u00e0&nbsp;celles&nbsp;et&nbsp;ceux&nbsp;qui&nbsp;font&nbsp;vivre&nbsp;l\u2019\u00eele,&nbsp;au&nbsp;quotidien. Entrepreneurs,&nbsp;artisans,&nbsp;artistes,&nbsp;figures&nbsp;locales&nbsp;ou&nbsp;personnalit\u00e9s&nbsp;discr\u00e8tes\u2026chaque&nbsp;\u00e9pisode&nbsp;raconte&nbsp;un&nbsp;parcours,&nbsp;une&nbsp;vision&nbsp;et&nbsp;un&nbsp;lien&nbsp;particulier&nbsp;avec&nbsp;l\u2019insularit\u00e9. Premier \u00e9pisode : Le Domaine Mondange Le premier \u00e9pisode [&hellip;]<\/p>\n","protected":false},"author":2,"featured_media":0,"parent":0,"menu_order":0,"comment_status":"closed","ping_status":"closed","template":"","meta":{"footnotes":""},"class_list":["post-165","page","type-page","status-publish","hentry"],"_links":{"self":[{"href":"https:\/\/ganassurancesghisonacciamoriani.mastermarketing.cloud\/index.php\/wp-json\/wp\/v2\/pages\/165","targetHints":{"allow":["GET"]}}],"collection":[{"href":"https:\/\/ganassurancesghisonacciamoriani.mastermarketing.cloud\/index.php\/wp-json\/wp\/v2\/pages"}],"about":[{"href":"https:\/\/ganassurancesghisonacciamoriani.mastermarketing.cloud\/index.php\/wp-json\/wp\/v2\/types\/page"}],"author":[{"embeddable":true,"href":"https:\/\/ganassurancesghisonacciamoriani.mastermarketing.cloud\/index.php\/wp-json\/wp\/v2\/users\/2"}],"replies":[{"embeddable":true,"href":"https:\/\/ganassurancesghisonacciamoriani.mastermarketing.cloud\/index.php\/wp-json\/wp\/v2\/comments?post=165"}],"version-history":[{"count":16,"href":"https:\/\/ganassurancesghisonacciamoriani.mastermarketing.cloud\/index.php\/wp-json\/wp\/v2\/pages\/165\/revisions"}],"predecessor-version":[{"id":367,"href":"https:\/\/ganassurancesghisonacciamoriani.mastermarketing.cloud\/index.php\/wp-json\/wp\/v2\/pages\/165\/revisions\/367"}],"wp:attachment":[{"href":"https:\/\/ganassurancesghisonacciamoriani.mastermarketing.cloud\/index.php\/wp-json\/wp\/v2\/media?parent=165"}],"curies":[{"name":"wp","href":"https:\/\/api.w.org\/{rel}","templated":true}]}}