{"id":214,"date":"2026-03-23T08:15:27","date_gmt":"2026-03-23T08:15:27","guid":{"rendered":"https:\/\/ganassurancesghisonacciamoriani.mastermarketing.cloud\/?page_id=214"},"modified":"2026-03-23T11:49:02","modified_gmt":"2026-03-23T11:49:02","slug":"prevention-des-risques","status":"publish","type":"page","link":"https:\/\/ganassurancesghisonacciamoriani.mastermarketing.cloud\/index.php\/prevention-des-risques\/","title":{"rendered":"Pr\u00e9vention des risques"},"content":{"rendered":"\n<p class=\"has-text-align-center\">Risques naturels : comment se prot\u00e9ger et r\u00e9agir efficacement ?<\/p>\n\n\n\n<div class=\"wp-block-group has-background-background-color has-background is-layout-constrained wp-container-core-group-is-layout-c10fee44 wp-block-group-is-layout-constrained\" style=\"border-style:none;border-width:0px;padding-top:80px;padding-right:30px;padding-bottom:80px;padding-left:30px\">\n<div class=\"wp-block-group alignwide is-layout-flow wp-container-core-group-is-layout-9e40f159 wp-block-group-is-layout-flow\" style=\"padding-bottom:30px\">\n<div class=\"wp-block-group is-layout-constrained wp-container-core-group-is-layout-f738f5b1 wp-block-group-is-layout-constrained\">\n<h2 class=\"wp-block-heading has-text-align-center animated animated-fadeInUp has-custom-color-3-color has-text-color has-link-color has-slider-title-font-size wp-elements-4c336a29d832ce7ba3bedaba6c1c9242\" style=\"line-height:1.3;text-transform:capitalize\"><strong><strong>Mieux comprendre, pr\u00e9venir et r\u00e9agir<\/strong><\/strong><\/h2>\n<\/div>\n<\/div>\n\n\n\n<div class=\"wp-block-columns alignwide is-layout-flex wp-container-core-columns-is-layout-643ced6b wp-block-columns-is-layout-flex\">\n<div class=\"wp-block-column is-vertically-aligned-center is-layout-flow wp-block-column-is-layout-flow\">\n<div class=\"wp-block-group alignwide has-no-hover-shadow-dark animated animated-fadeInUp has-background-background-color has-background is-layout-constrained wp-container-core-group-is-layout-c610529f wp-block-group-is-layout-constrained\" style=\"padding-top:0px;padding-right:0px;padding-bottom:0px;padding-left:0px\">\n<div class=\"wp-block-group is-layout-flow wp-container-core-group-is-layout-e2cac20a wp-block-group-is-layout-flow\" style=\"padding-bottom:0px\">\n<figure class=\"wp-block-image aligncenter size-large has-custom-border\"><img decoding=\"async\" src=\"https:\/\/ganassurancesghisonacciamoriani.mastermarketing.cloud\/wp-content\/themes\/gutenify-base\/images\/feature-1.jpg\" alt=\"\" class=\"wp-image-1819\" style=\"border-radius:0px\"\/><\/figure>\n<\/div>\n\n\n\n<div class=\"wp-block-group is-layout-constrained wp-container-core-group-is-layout-b45ee96f wp-block-group-is-layout-constrained\" style=\"padding-top:40px;padding-right:40px;padding-bottom:40px;padding-left:40px\">\n<h3 class=\"wp-block-heading has-text-align-center has-medium-font-size\" style=\"margin-bottom:var(--wp--preset--spacing--30)\"><a href=\"#\"><strong><strong>Anticiper les risques<\/strong><\/strong><\/a><\/h3>\n\n\n\n<p class=\"has-text-align-left\">Identifiez les principaux risques naturels pouvant impacter votre logement et d\u00e9couvrez les bons r\u00e9flexes pour limiter les dommages.<\/p>\n<\/div>\n<\/div>\n<\/div>\n\n\n\n<div class=\"wp-block-column is-vertically-aligned-center is-layout-flow wp-block-column-is-layout-flow\" style=\"border-style:none;border-width:0px\">\n<div class=\"wp-block-group alignwide has-no-hover-shadow-dark animated animated-fadeInUp has-background-background-color has-background is-layout-constrained wp-container-core-group-is-layout-c610529f wp-block-group-is-layout-constrained\" style=\"border-left-style:none;border-left-width:0px;padding-top:0px;padding-right:0px;padding-bottom:0px;padding-left:0px\">\n<div class=\"wp-block-group is-layout-flow wp-block-group-is-layout-flow\" style=\"padding-bottom:0px\">\n<figure class=\"wp-block-image aligncenter size-large has-custom-border\"><img decoding=\"async\" src=\"https:\/\/ganassurancesghisonacciamoriani.mastermarketing.cloud\/wp-content\/themes\/gutenify-base\/images\/feature-2.jpg\" alt=\"\" class=\"wp-image-1705\" style=\"border-radius:0px\"\/><\/figure>\n<\/div>\n\n\n\n<div class=\"wp-block-group is-layout-constrained wp-container-core-group-is-layout-b45ee96f wp-block-group-is-layout-constrained\" style=\"padding-top:40px;padding-right:40px;padding-bottom:40px;padding-left:40px\">\n<h3 class=\"wp-block-heading has-text-align-left has-medium-font-size\" style=\"margin-top:0px;margin-right:0px;margin-bottom:var(--wp--preset--spacing--30);margin-left:0px\"><strong>V\u00e9rifier votre couverture<\/strong><\/h3>\n\n\n\n<p class=\"has-text-align-left\">Faites le point sur vos garanties habitation pour savoir si votre contrat est bien adapt\u00e9 \u00e0 votre situation et \u00e0 votre zone d\u2019exposition.<\/p>\n\n\n\n<div class=\"wp-block-buttons is-content-justification-left is-layout-flex wp-container-core-buttons-is-layout-0294bfdf wp-block-buttons-is-layout-flex\" style=\"margin-top:20px\">\n<div class=\"wp-block-button is-style-fill\"><a class=\"wp-block-button__link wp-element-button\" href=\"https:\/\/ganassurancesghisonacciamoriani.mastermarketing.cloud\/index.php\/diagnostic-redige\/\" style=\"padding-top:var(--wp--preset--spacing--30);padding-bottom:var(--wp--preset--spacing--30)\">Faites votre diagnostic<\/a><\/div>\n<\/div>\n<\/div>\n<\/div>\n<\/div>\n\n\n\n<div class=\"wp-block-column is-vertically-aligned-center is-layout-flow wp-block-column-is-layout-flow\">\n<div class=\"wp-block-group alignwide has-no-hover-shadow-dark animated animated-fadeInUp has-background-background-color has-background is-layout-constrained wp-container-core-group-is-layout-c610529f wp-block-group-is-layout-constrained\" style=\"border-top-style:none;border-top-width:0px;border-right-style:none;border-right-width:0px;border-bottom-style:none;border-bottom-width:0px;border-left-color:#f8f2f2;border-left-style:none;border-left-width:0px;padding-top:0px;padding-right:0px;padding-bottom:0px;padding-left:0px\">\n<div class=\"wp-block-group is-layout-flow wp-block-group-is-layout-flow\" style=\"padding-bottom:0px\">\n<figure class=\"wp-block-image aligncenter size-large has-custom-border\"><img decoding=\"async\" src=\"https:\/\/ganassurancesghisonacciamoriani.mastermarketing.cloud\/wp-content\/themes\/gutenify-base\/images\/feature-3.jpg\" alt=\"\" class=\"wp-image-1817\" style=\"border-radius:0px\"\/><\/figure>\n<\/div>\n\n\n\n<div class=\"wp-block-group is-layout-constrained wp-container-core-group-is-layout-b45ee96f wp-block-group-is-layout-constrained\" style=\"padding-top:40px;padding-right:40px;padding-bottom:40px;padding-left:40px\">\n<h3 class=\"wp-block-heading has-text-align-left has-medium-font-size\" style=\"margin-bottom:var(--wp--preset--spacing--30)\"><a href=\"#\"><strong>R\u00e9agir en cas de sinistre<\/strong><\/a><\/h3>\n\n\n\n<p class=\"has-text-align-left\">Retrouvez les \u00e9tapes essentielles pour d\u00e9clarer un sinistre, constituer votre dossier et \u00eatre accompagn\u00e9 rapidement par votre agence.<\/p>\n\n\n\n<div class=\"wp-block-buttons is-content-justification-left is-layout-flex wp-container-core-buttons-is-layout-0294bfdf wp-block-buttons-is-layout-flex\" style=\"margin-top:20px\">\n<div class=\"wp-block-button is-style-fill\"><a class=\"wp-block-button__link wp-element-button\" href=\"https:\/\/ganassurancesghisonacciamoriani.mastermarketing.cloud\/index.php\/etre-rappele\/\" style=\"padding-top:var(--wp--preset--spacing--30);padding-bottom:var(--wp--preset--spacing--30)\">\u00catre rappel\u00e9 <\/a><\/div>\n<\/div>\n<\/div>\n<\/div>\n<\/div>\n<\/div>\n\n\n\n<p class=\"has-text-align-left\">Face \u00e0 des \u00e9v\u00e9nements de plus en plus fr\u00e9quents et parfois impr\u00e9visibles, il est essentiel d\u2019\u00eatre bien pr\u00e9par\u00e9 et bien accompagn\u00e9.<\/p>\n\n\n\n<p class=\"has-text-align-left\">Chez Gan Assurances, nous ne nous contentons pas de vous assurer : nous vous aidons \u00e0 anticiper les risques, \u00e0 comprendre vos garanties et \u00e0 r\u00e9agir efficacement en cas de sinistre.<\/p>\n\n\n\n<p class=\"has-text-align-left\">Chaque situation est unique. C\u2019est pourquoi nos conseillers prennent le temps d\u2019analyser vos besoins et de vous proposer des solutions adapt\u00e9es \u00e0 votre logement, votre environnement et votre mode de vie.<\/p>\n\n\n\n<p class=\"has-text-align-left\">Notre objectif : vous apporter de la s\u00e9r\u00e9nit\u00e9 au quotidien, avant, pendant et apr\u00e8s un \u00e9v\u00e9nement.<\/p>\n<\/div>\n","protected":false},"excerpt":{"rendered":"<p>Risques naturels : comment se prot\u00e9ger et r\u00e9agir efficacement ? Mieux comprendre, pr\u00e9venir et r\u00e9agir [&hellip;]<\/p>\n","protected":false},"author":2,"featured_media":0,"parent":0,"menu_order":0,"comment_status":"closed","ping_status":"closed","template":"","meta":{"footnotes":""},"class_list":["post-214","page","type-page","status-publish","hentry"],"_links":{"self":[{"href":"https:\/\/ganassurancesghisonacciamoriani.mastermarketing.cloud\/index.php\/wp-json\/wp\/v2\/pages\/214","targetHints":{"allow":["GET"]}}],"collection":[{"href":"https:\/\/ganassurancesghisonacciamoriani.mastermarketing.cloud\/index.php\/wp-json\/wp\/v2\/pages"}],"about":[{"href":"https:\/\/ganassurancesghisonacciamoriani.mastermarketing.cloud\/index.php\/wp-json\/wp\/v2\/types\/page"}],"author":[{"embeddable":true,"href":"https:\/\/ganassurancesghisonacciamoriani.mastermarketing.cloud\/index.php\/wp-json\/wp\/v2\/users\/2"}],"replies":[{"embeddable":true,"href":"https:\/\/ganassurancesghisonacciamoriani.mastermarketing.cloud\/index.php\/wp-json\/wp\/v2\/comments?post=214"}],"version-history":[{"count":9,"href":"https:\/\/ganassurancesghisonacciamoriani.mastermarketing.cloud\/index.php\/wp-json\/wp\/v2\/pages\/214\/revisions"}],"predecessor-version":[{"id":253,"href":"https:\/\/ganassurancesghisonacciamoriani.mastermarketing.cloud\/index.php\/wp-json\/wp\/v2\/pages\/214\/revisions\/253"}],"wp:attachment":[{"href":"https:\/\/ganassurancesghisonacciamoriani.mastermarketing.cloud\/index.php\/wp-json\/wp\/v2\/media?parent=214"}],"curies":[{"name":"wp","href":"https:\/\/api.w.org\/{rel}","templated":true}]}}