{"id":245,"date":"2026-03-23T11:16:32","date_gmt":"2026-03-23T11:16:32","guid":{"rendered":"https:\/\/ganassurancesghisonacciamoriani.mastermarketing.cloud\/?page_id=245"},"modified":"2026-03-23T11:47:22","modified_gmt":"2026-03-23T11:47:22","slug":"diagnostic-redige","status":"publish","type":"page","link":"https:\/\/ganassurancesghisonacciamoriani.mastermarketing.cloud\/index.php\/diagnostic-redige\/","title":{"rendered":"Diagnostic Habitation"},"content":{"rendered":"\n<p class=\"has-text-align-center\"><em>Votre conseiller de confiance<\/em><\/p>\n\n\n\n<figure class=\"wp-block-table\"><table class=\"has-custom-color-1-background-color has-background has-fixed-layout\"><tbody><tr><td class=\"has-text-align-center\" data-align=\"center\"><strong>DIAGNOSTIC COMPLET DE VOTRE <\/strong><strong>ASSURANCE HABITATION<\/strong><\/td><\/tr><\/tbody><\/table><\/figure>\n\n\n\n<p><em>Le guide pratique pour v\u00e9rifier si votre logement est vraiment bien prot\u00e9g\u00e9<\/em><\/p>\n\n\n\n<figure class=\"wp-block-table\"><table class=\"has-custom-color-1-background-color has-background has-fixed-layout\"><tbody><tr><td class=\"has-text-align-left\" data-align=\"left\"><strong>Ce guide vous permet de :<\/strong><br>\u00a0\u00a0\u2714\u00a0 \u00c9valuer vos garanties actuelles en quelques minutes\u00a0\u00a0<br>\u2714\u00a0 Identifier les lacunes dans votre couverture\u00a0\u00a0<br>\u2714\u00a0 \u00c9viter les mauvaises surprises en cas de sinistre\u00a0<br>\u00a0\u2714\u00a0 Obtenir des conseils personnalis\u00e9s adapt\u00e9s \u00e0 votre situation<\/td><\/tr><\/tbody><\/table><\/figure>\n\n\n\n<p><em>Offert gratuitement par votre agence Gan Assurances<\/em><\/p>\n\n\n\n<h1 class=\"wp-block-heading has-text-align-center has-custom-color-3-color has-text-color has-link-color wp-elements-3cc35e3169ca7dbe812eef963819ba9f\"><strong>Pourquoi r\u00e9aliser un diagnostic de votre assurance habitation ?<\/strong><\/h1>\n\n\n\n<p>Chaque ann\u00e9e, des milliers de foyers fran\u00e7ais d\u00e9couvrent, trop tard, que leur assurance habitation ne les couvre pas suffisamment. D\u00e9g\u00e2ts des eaux, incendie, cambriolage&#8230; les sinistres peuvent survenir \u00e0 n&#8217;importe quel moment et leurs cons\u00e9quences financi\u00e8res peuvent \u00eatre lourdes si votre contrat n&#8217;est pas adapt\u00e9 \u00e0 votre situation r\u00e9elle.<\/p>\n\n\n\n<p>Ce guide de diagnostic a \u00e9t\u00e9 con\u00e7u par les experts de Gan Assurances pour vous aider \u00e0 faire le point sur votre couverture actuelle. En r\u00e9pondant \u00e0 chaque question, vous pourrez identifier rapidement les points forts et les \u00e9ventuelles lacunes de votre contrat.<\/p>\n\n\n\n<figure class=\"wp-block-table\"><table class=\"has-custom-color-1-background-color has-background has-fixed-layout\"><tbody><tr><td class=\"has-text-align-left\" data-align=\"left\"><strong>LES CHIFFRES CL\u00c9S \u00c0 CONNA\u00ceTRE<\/strong><\/td><\/tr><tr><td class=\"has-text-align-left\" data-align=\"left\">\u2022 Plus de 95 % des logements fran\u00e7ais sont couverts par une assurance habitation<\/td><\/tr><tr><td class=\"has-text-align-left\" data-align=\"left\">\u2022 Pourtant, 1 sinistre sur 3 g\u00e9n\u00e8re une indemnisation insuffisante pour les assur\u00e9s<\/td><\/tr><tr><td class=\"has-text-align-left\" data-align=\"left\">\u2022 Les d\u00e9g\u00e2ts des eaux repr\u00e9sentent le sinistre le plus fr\u00e9quent en France<\/td><\/tr><tr><td class=\"has-text-align-left\" data-align=\"left\">&nbsp; \u2022 Le co\u00fbt moyen d&#8217;un incendie domestique d\u00e9passe 15 000 \u20ac<\/td><\/tr><tr><td class=\"has-text-align-left\" data-align=\"left\">&nbsp; \u2022 60 % des assur\u00e9s ne relisent jamais les conditions g\u00e9n\u00e9rales de leur contrat<\/td><\/tr><\/tbody><\/table><\/figure>\n\n\n\n<h2 class=\"wp-block-heading\"><strong>Comment utiliser ce guide ?<\/strong><\/h2>\n\n\n\n<p>Ce diagnostic se d\u00e9roule en 5 \u00e9tapes. Pour chaque crit\u00e8re, cochez la case correspondant \u00e0 votre situation :<\/p>\n\n\n\n<figure class=\"wp-block-table\"><table class=\"has-fixed-layout\"><tbody><tr><td><strong>\u2713&nbsp; OUI<\/strong><\/td><td>Vous disposez de cette garantie ou r\u00e9pondez positivement \u00e0 ce crit\u00e8re<\/td><\/tr><tr><td><strong>\u2717&nbsp; NON<\/strong><\/td><td>Cette garantie n&#8217;est pas incluse dans votre contrat actuel<\/td><\/tr><tr><td><strong>?&nbsp; \u00c0 V\u00c9RIFIER<\/strong><\/td><td>Vous n&#8217;\u00eates pas certain(e), il est conseill\u00e9 de v\u00e9rifier aupr\u00e8s de votre assureur<\/td><\/tr><\/tbody><\/table><\/figure>\n\n\n\n<figure class=\"wp-block-table\"><table class=\"has-custom-color-1-background-color has-background has-fixed-layout\"><tbody><tr><td class=\"has-text-align-center\" data-align=\"center\"><strong>\u00c9TAPE 1 &#8211;<\/strong><strong>Les garanties de base \u2014 \u00cates-vous couvert(e) contre les risques essentiels ?<\/strong><\/td><\/tr><\/tbody><\/table><\/figure>\n\n\n\n<p>Les garanties de base constituent le socle de toute assurance habitation. V\u00e9rifiez que votre contrat inclut bien chacune d&#8217;entre elles.<\/p>\n\n\n\n<figure class=\"wp-block-table\"><table class=\"has-fixed-layout\"><tbody><tr><td><strong>Crit\u00e8re<\/strong><\/td><td><strong>Oui<\/strong><\/td><td><strong>Non<\/strong><\/td><td><strong>\u00c0 v\u00e9rifier<\/strong><\/td><\/tr><tr><td>Ma garantie d\u00e9g\u00e2ts des eaux est incluse dans mon contrat<\/td><td>\u25cb<\/td><td>\u25cb<\/td><td>\u25cb<\/td><\/tr><tr><td>Ma garantie incendie et explosion est couverte<\/td><td>\u25cb<\/td><td>\u25cb<\/td><td>\u25cb<\/td><\/tr><tr><td>Ma garantie catastrophes naturelles est activ\u00e9e<\/td><td>\u25cb<\/td><td>\u25cb<\/td><td>\u25cb<\/td><\/tr><tr><td>Je b\u00e9n\u00e9ficie d&#8217;une garantie vol et vandalisme<\/td><td>\u25cb<\/td><td>\u25cb<\/td><td>\u25cb<\/td><\/tr><tr><td>Ma garantie responsabilit\u00e9 civile est incluse<\/td><td>\u25cb<\/td><td>\u25cb<\/td><td>\u25cb<\/td><\/tr><tr><td>Les biens de mon foyer sont couverts (mobilier, \u00e9lectrom\u00e9nager&#8230;)<\/td><td>\u25cb<\/td><td>\u25cb<\/td><td>\u25cb<\/td><\/tr><tr><td>Les dommages \u00e9lectriques sont couverts<\/td><td>\u25cb<\/td><td>\u25cb<\/td><td>\u25cb<\/td><\/tr><\/tbody><\/table><\/figure>\n\n\n\n<figure class=\"wp-block-table\"><table class=\"has-fixed-layout\"><tbody><tr><td><strong>MON SCORE \u00c9TAPE 1 :&nbsp; _____ \/ 7<\/strong><br>Nombre de \u00ab Oui \u00bb coch\u00e9s : _____ &nbsp; &nbsp; Nombre de \u00ab \u00c0 v\u00e9rifier \u00bb : _____ &nbsp; &nbsp; Nombre de \u00ab Non \u00bb : _____<\/td><\/tr><\/tbody><\/table><\/figure>\n\n\n\n<figure class=\"wp-block-table\"><table class=\"has-custom-color-1-background-color has-background has-fixed-layout\"><tbody><tr><td class=\"has-text-align-center\" data-align=\"center\"><strong>\u00c9TAPE 2- <\/strong><strong> niveau de couverture \u2014 Votre indemnisation sera-t-elle suffisante ?<\/strong><\/td><\/tr><\/tbody><\/table><\/figure>\n\n\n\n<p>Avoir une assurance n&#8217;est pas suffisant : encore faut-il que le niveau de couverture corresponde \u00e0 la valeur r\u00e9elle de vos biens et de votre logement.<\/p>\n\n\n\n<figure class=\"wp-block-table\"><table class=\"has-fixed-layout\"><tbody><tr><td><strong>Crit\u00e8re<\/strong><\/td><td><strong>Oui<\/strong><\/td><td><strong>Non<\/strong><\/td><td><strong>\u00c0 v\u00e9rifier<\/strong><\/td><\/tr><tr><td>J&#8217;ai d\u00e9clar\u00e9 la valeur correcte de mes biens personnels<\/td><td>\u25cb<\/td><td>\u25cb<\/td><td>\u25cb<\/td><\/tr><tr><td>Le capital mobilier assur\u00e9 correspond \u00e0 la r\u00e9alit\u00e9 de mes possessions<\/td><td>\u25cb<\/td><td>\u25cb<\/td><td>\u25cb<\/td><\/tr><tr><td>Les franchises de mon contrat me semblent acceptables<\/td><td>\u25cb<\/td><td>\u25cb<\/td><td>\u25cb<\/td><\/tr><tr><td>Les plafonds d&#8217;indemnisation sont suffisants pour couvrir mes biens<\/td><td>\u25cb<\/td><td>\u25cb<\/td><td>\u25cb<\/td><\/tr><tr><td>Je connais les exclusions de garantie de mon contrat<\/td><td>\u25cb<\/td><td>\u25cb<\/td><td>\u25cb<\/td><\/tr><tr><td>Mes objets de valeur (bijoux, art, mat\u00e9riel professionnel) sont d\u00e9clar\u00e9s<\/td><td>\u25cb<\/td><td>\u25cb<\/td><td>\u25cb<\/td><\/tr><tr><td>Mon mat\u00e9riel informatique et multim\u00e9dia est couvert<\/td><td>\u25cb<\/td><td>\u25cb<\/td><td>\u25cb<\/td><\/tr><\/tbody><\/table><\/figure>\n\n\n\n<figure class=\"wp-block-table\"><table class=\"has-fixed-layout\"><tbody><tr><td><strong>Le saviez-vous ?<\/strong><em> <\/em><em>Sous-estimer la valeur de ses biens est l&#8217;erreur la plus courante en assurance habitation. En cas de sinistre, l&#8217;indemnisation sera calcul\u00e9e proportionnellement \u00e0 la valeur d\u00e9clar\u00e9e. Si vous avez sous-estim\u00e9 vos biens de 30 %, vous serez indemnis\u00e9(e) \u00e0 70 % des dommages r\u00e9els.<\/em><\/td><\/tr><\/tbody><\/table><\/figure>\n\n\n\n<figure class=\"wp-block-table\"><table class=\"has-fixed-layout\"><tbody><tr><td><strong>MON SCORE \u00c9TAPE 2 :&nbsp; _____ \/ 7<\/strong><br>Nombre de \u00ab Oui \u00bb coch\u00e9s : _____ &nbsp; &nbsp; Nombre de \u00ab \u00c0 v\u00e9rifier \u00bb : _____ &nbsp; &nbsp; Nombre de \u00ab Non \u00bb : _____<\/td><\/tr><\/tbody><\/table><\/figure>\n\n\n\n<figure class=\"wp-block-table\"><table class=\"has-custom-color-1-background-color has-background has-fixed-layout\"><tbody><tr><td class=\"has-text-align-center\" data-align=\"center\"><strong>\u00c9TAPE 3 &#8211; <\/strong><strong>Votre logement \u2014 Votre situation est-elle correctement d\u00e9clar\u00e9e ?<\/strong><\/td><\/tr><\/tbody><\/table><\/figure>\n\n\n\n<p>Toute modification de votre logement ou de votre situation doit \u00eatre signal\u00e9e \u00e0 votre assureur. Un d\u00e9faut de d\u00e9claration peut entra\u00eener une r\u00e9duction ou un refus d&#8217;indemnisation.<\/p>\n\n\n\n<figure class=\"wp-block-table\"><table class=\"has-fixed-layout\"><tbody><tr><td><strong>Crit\u00e8re<\/strong><\/td><td><strong>Oui<\/strong><\/td><td><strong>Non<\/strong><\/td><td><strong>\u00c0 v\u00e9rifier<\/strong><\/td><\/tr><tr><td>La surface de mon logement est correctement d\u00e9clar\u00e9e<\/td><td>\u25cb<\/td><td>\u25cb<\/td><td>\u25cb<\/td><\/tr><tr><td>Mon statut (locataire \/ propri\u00e9taire) est bien indiqu\u00e9 dans mon contrat<\/td><td>\u25cb<\/td><td>\u25cb<\/td><td>\u25cb<\/td><\/tr><tr><td>Le nombre de pi\u00e8ces d\u00e9clar\u00e9 correspond \u00e0 la r\u00e9alit\u00e9<\/td><td>\u25cb<\/td><td>\u25cb<\/td><td>\u25cb<\/td><\/tr><tr><td>J&#8217;ai signal\u00e9 les travaux ou am\u00e9nagements importants r\u00e9alis\u00e9s<\/td><td>\u25cb<\/td><td>\u25cb<\/td><td>\u25cb<\/td><\/tr><tr><td>Ma r\u00e9sidence secondaire ou mon garage sont couverts si applicable<\/td><td>\u25cb<\/td><td>\u25cb<\/td><td>\u25cb<\/td><\/tr><tr><td>La pr\u00e9sence d&#8217;animaux domestiques est d\u00e9clar\u00e9e si n\u00e9cessaire<\/td><td>\u25cb<\/td><td>\u25cb<\/td><td>\u25cb<\/td><\/tr><tr><td>Mon activit\u00e9 professionnelle \u00e0 domicile est mentionn\u00e9e si applicable<\/td><td>\u25cb<\/td><td>\u25cb<\/td><td>\u25cb<\/td><\/tr><\/tbody><\/table><\/figure>\n\n\n\n<figure class=\"wp-block-table\"><table class=\"has-fixed-layout\"><tbody><tr><td><strong>Attention !<\/strong><em>Toute fausse d\u00e9claration ou omission peut \u00eatre consid\u00e9r\u00e9e comme une fraude \u00e0 l&#8217;assurance. En cas de litige, l&#8217;assureur peut r\u00e9duire l&#8217;indemnisation ou r\u00e9silier votre contrat. En cas de doute, n&#8217;h\u00e9sitez pas \u00e0 contacter votre conseiller Gan Assurances.<\/em><\/td><\/tr><\/tbody><\/table><\/figure>\n\n\n\n<figure class=\"wp-block-table\"><table class=\"has-fixed-layout\"><tbody><tr><td><strong>MON SCORE \u00c9TAPE 3 :&nbsp; _____ \/ 7<\/strong><br>Nombre de \u00ab Oui \u00bb coch\u00e9s : _____ &nbsp; &nbsp; Nombre de \u00ab \u00c0 v\u00e9rifier \u00bb : _____ &nbsp; &nbsp; Nombre de \u00ab Non \u00bb : _____<\/td><\/tr><\/tbody><\/table><\/figure>\n","protected":false},"excerpt":{"rendered":"<p>Votre conseiller de confiance DIAGNOSTIC COMPLET DE VOTRE ASSURANCE HABITATION Le guide pratique pour v\u00e9rifier [&hellip;]<\/p>\n","protected":false},"author":2,"featured_media":0,"parent":0,"menu_order":0,"comment_status":"closed","ping_status":"closed","template":"","meta":{"footnotes":""},"class_list":["post-245","page","type-page","status-publish","hentry"],"_links":{"self":[{"href":"https:\/\/ganassurancesghisonacciamoriani.mastermarketing.cloud\/index.php\/wp-json\/wp\/v2\/pages\/245","targetHints":{"allow":["GET"]}}],"collection":[{"href":"https:\/\/ganassurancesghisonacciamoriani.mastermarketing.cloud\/index.php\/wp-json\/wp\/v2\/pages"}],"about":[{"href":"https:\/\/ganassurancesghisonacciamoriani.mastermarketing.cloud\/index.php\/wp-json\/wp\/v2\/types\/page"}],"author":[{"embeddable":true,"href":"https:\/\/ganassurancesghisonacciamoriani.mastermarketing.cloud\/index.php\/wp-json\/wp\/v2\/users\/2"}],"replies":[{"embeddable":true,"href":"https:\/\/ganassurancesghisonacciamoriani.mastermarketing.cloud\/index.php\/wp-json\/wp\/v2\/comments?post=245"}],"version-history":[{"count":6,"href":"https:\/\/ganassurancesghisonacciamoriani.mastermarketing.cloud\/index.php\/wp-json\/wp\/v2\/pages\/245\/revisions"}],"predecessor-version":[{"id":251,"href":"https:\/\/ganassurancesghisonacciamoriani.mastermarketing.cloud\/index.php\/wp-json\/wp\/v2\/pages\/245\/revisions\/251"}],"wp:attachment":[{"href":"https:\/\/ganassurancesghisonacciamoriani.mastermarketing.cloud\/index.php\/wp-json\/wp\/v2\/media?parent=245"}],"curies":[{"name":"wp","href":"https:\/\/api.w.org\/{rel}","templated":true}]}}