{"id":325,"date":"2026-03-23T18:53:48","date_gmt":"2026-03-23T18:53:48","guid":{"rendered":"https:\/\/ganassurancesghisonacciamoriani.mastermarketing.cloud\/?page_id=325"},"modified":"2026-03-25T19:33:06","modified_gmt":"2026-03-25T19:33:06","slug":"assurance-epargne","status":"publish","type":"page","link":"https:\/\/ganassurancesghisonacciamoriani.mastermarketing.cloud\/index.php\/assurance-epargne\/","title":{"rendered":"Assurance \u00e9pargne"},"content":{"rendered":"<section style=\"font-family: Arial, sans-serif; color: #1f1f1f; background: #fbfaf7;\"><!-- OUVERTURE --><\/p>\n<div style=\"max-width: 1100px; margin: 0 auto; padding: 90px 20px 50px 20px; text-align: center;\"><span style=\"display: inline-block; background: #efe8d8; color: #7a5c28; padding: 8px 16px; border-radius: 999px; font-size: 14px; font-weight: bold; margin-bottom: 18px;\">\u00c9pargne<br \/>\n<\/span><\/p>\n<h1 style=\"font-size: 54px; line-height: 1.1; color: #1d2f5f; margin: 0 0 18px 0;\">Faire grandir son \u00e9pargne, donner plus de port\u00e9e \u00e0 ses projets<\/h1>\n<p style=\"font-size: 20px; line-height: 1.8; color: #5f6470; max-width: 820px; margin: 0 auto;\">\u00c9pargner, ce n\u2019est pas seulement mettre de l\u2019argent de c\u00f4t\u00e9. C\u2019est aussi pr\u00e9parer des projets, construire une s\u00e9curit\u00e9 financi\u00e8re et se donner davantage de libert\u00e9 pour l\u2019avenir.<\/p>\n<\/div>\n<p><!-- DOUBLE BLOC --><\/p>\n<div style=\"max-width: 1200px; margin: 0 auto; padding: 20px 20px 80px 20px;\">\n<div style=\"display: grid; grid-template-columns: 1.05fr 0.95fr; gap: 28px; align-items: stretch;\">\n<div style=\"background: #1d2f5f; color: #fff; border-radius: 32px; padding: 46px;\">\n<h2 style=\"font-size: 38px; line-height: 1.2; margin: 0 0 18px 0;\">Une \u00e9pargne peut r\u00e9pondre \u00e0 plusieurs objectifs au fil du temps<\/h2>\n<p style=\"font-size: 18px; line-height: 1.9; color: rgba(255,255,255,0.92); margin: 0 0 18px 0;\">Constituer une r\u00e9serve, financer un projet, pr\u00e9parer la retraite, transmettre un capital ou simplement mieux valoriser ce que l\u2019on met de c\u00f4t\u00e9 : l\u2019\u00e9pargne n\u2019a pas qu\u2019un seul r\u00f4le.<\/p>\n<p style=\"font-size: 17px; line-height: 1.9; color: rgba(255,255,255,0.88); margin: 0;\">L\u2019essentiel est de trouver une solution coh\u00e9rente avec votre horizon, votre rythme et vos priorit\u00e9s.<\/p>\n<\/div>\n<div style=\"background: #f2ede3; border-radius: 32px; padding: 36px; display: flex; flex-direction: column; justify-content: center;\">\n<h3 style=\"font-size: 28px; color: #1d2f5f; margin: 0 0 18px 0;\">Pourquoi mettre en place une strat\u00e9gie d\u2019\u00e9pargne ?<\/h3>\n<div style=\"display: grid; gap: 14px;\">\n<div style=\"background: #fff; border-radius: 16px; padding: 16px 18px;\">\u2022 Se constituer un capital progressivement<\/div>\n<div style=\"background: #fff; border-radius: 16px; padding: 16px 18px;\">\u2022 Pr\u00e9parer un projet important<\/div>\n<div style=\"background: #fff; border-radius: 16px; padding: 16px 18px;\">\u2022 Compl\u00e9ter ses revenus futurs<\/div>\n<div style=\"background: #fff; border-radius: 16px; padding: 16px 18px;\">\u2022 Anticiper la transmission<\/div>\n<\/div>\n<\/div>\n<\/div>\n<\/div>\n<p><!-- 3 AXES --><\/p>\n<div style=\"max-width: 1200px; margin: 0 auto; padding: 0 20px 85px 20px;\">\n<div style=\"text-align: center; margin-bottom: 38px;\">\n<h2 style=\"font-size: 40px; color: #1d2f5f; margin-bottom: 12px;\">Trois mani\u00e8res d\u2019aborder son \u00e9pargne<\/h2>\n<p style=\"font-size: 18px; color: #666; max-width: 760px; margin: 0 auto;\">Une strat\u00e9gie d\u2019\u00e9pargne prend tout son sens lorsqu\u2019elle s\u2019inscrit dans votre vie r\u00e9elle et vos objectifs concrets.<\/p>\n<\/div>\n<div style=\"display: grid; grid-template-columns: repeat(auto-fit,minmax(260px,1fr)); gap: 22px;\">\n<div style=\"background: #ffffff; border: 1px solid #ece6da; border-radius: 24px; padding: 30px;\">\n<h3 style=\"font-size: 27px; color: #1d2f5f; margin: 0 0 14px 0;\">\u00c9pargner pour s\u00e9curiser<\/h3>\n<p style=\"color: #4f5562; line-height: 1.8; margin: 0;\">Se constituer une r\u00e9serve financi\u00e8re permet d\u2019aborder plus sereinement les impr\u00e9vus et de renforcer son \u00e9quilibre global.<\/p>\n<\/div>\n<div style=\"background: #ffffff; border: 1px solid #ece6da; border-radius: 24px; padding: 30px;\">\n<h3 style=\"font-size: 27px; color: #1d2f5f; margin: 0 0 14px 0;\">\u00c9pargner pour pr\u00e9parer<\/h3>\n<p style=\"color: #4f5562; line-height: 1.8; margin: 0;\">Projet immobilier, \u00e9tudes des enfants, retraite, changement de vie : l\u2019\u00e9pargne permet d\u2019anticiper plut\u00f4t que de subir.<\/p>\n<\/div>\n<div style=\"background: #ffffff; border: 1px solid #ece6da; border-radius: 24px; padding: 30px;\">\n<h3 style=\"font-size: 27px; color: #1d2f5f; margin: 0 0 14px 0;\">\u00c9pargner pour transmettre<\/h3>\n<p style=\"color: #4f5562; line-height: 1.8; margin: 0;\">Une strat\u00e9gie bien pens\u00e9e peut \u00e9galement s\u2019inscrire dans une logique patrimoniale et de transmission \u00e0 long terme.<\/p>\n<\/div>\n<\/div>\n<\/div>\n<p><!-- BLOC RYTHME --><\/p>\n<div style=\"max-width: 1200px; margin: 0 auto; padding: 0 20px 85px 20px;\">\n<div style=\"display: grid; grid-template-columns: 0.95fr 1.05fr; gap: 32px; align-items: center;\">\n<div style=\"background: #e7eef7; border-radius: 30px; padding: 42px;\">\n<h2 style=\"font-size: 36px; color: #1d2f5f; margin: 0 0 16px 0;\">Construire \u00e0 son rythme<\/h2>\n<p style=\"font-size: 17px; line-height: 1.9; color: #46515e; margin: 0;\">Une \u00e9pargne efficace n\u2019est pas forc\u00e9ment une \u00e9pargne \u00e9lev\u00e9e d\u00e8s le d\u00e9part. Elle peut se construire progressivement, avec r\u00e9gularit\u00e9, souplesse et coh\u00e9rence selon votre situation.<\/p>\n<\/div>\n<div>\n<div style=\"display: grid; gap: 16px;\">\n<div style=\"background: #fff; border-left: 5px solid #d7a55a; border-radius: 18px; padding: 20px 22px; box-shadow: 0 4px 14px rgba(0,0,0,0.04);\"><strong style=\"color: #1d2f5f;\">Versements r\u00e9guliers<\/strong><\/p>\n<p style=\"margin: 8px 0 0 0; color: #4f5562; line-height: 1.8;\">Une logique simple et progressive pour construire dans la dur\u00e9e.<\/p>\n<\/div>\n<div style=\"background: #fff; border-left: 5px solid #d7a55a; border-radius: 18px; padding: 20px 22px; box-shadow: 0 4px 14px rgba(0,0,0,0.04);\"><strong style=\"color: #1d2f5f;\">Versements ponctuels<\/strong><\/p>\n<p style=\"margin: 8px 0 0 0; color: #4f5562; line-height: 1.8;\">Une souplesse utile selon vos disponibilit\u00e9s ou vos projets du moment.<\/p>\n<\/div>\n<div style=\"background: #fff; border-left: 5px solid #d7a55a; border-radius: 18px; padding: 20px 22px; box-shadow: 0 4px 14px rgba(0,0,0,0.04);\"><strong style=\"color: #1d2f5f;\">Vision long terme<\/strong><\/p>\n<p style=\"margin: 8px 0 0 0; color: #4f5562; line-height: 1.8;\">Le temps reste un facteur cl\u00e9 pour construire et faire \u00e9voluer une \u00e9pargne.<\/p>\n<\/div>\n<\/div>\n<\/div>\n<\/div>\n<\/div>\n<p><!-- PROJETS --><\/p>\n<div style=\"max-width: 1200px; margin: 0 auto; padding: 0 20px 90px 20px;\">\n<div style=\"background: #fff; border: 1px solid #ece6da; border-radius: 30px; padding: 46px;\">\n<div style=\"display: grid; grid-template-columns: 1fr 1fr; gap: 30px; align-items: start;\">\n<div><span style=\"display: inline-block; background: #f7f1e6; color: #8b672f; padding: 8px 14px; border-radius: 999px; font-size: 13px; font-weight: bold; margin-bottom: 16px;\">Se projeter concr\u00e8tement<br \/>\n<\/span><\/p>\n<h2 style=\"font-size: 38px; color: #1d2f5f; margin: 0 0 16px 0;\">L\u2019\u00e9pargne accompagne aussi les grandes \u00e9tapes de vie<\/h2>\n<p style=\"font-size: 17px; line-height: 1.9; color: #555; margin: 0;\">Une strat\u00e9gie d\u2019\u00e9pargne prend une autre dimension lorsqu\u2019elle est li\u00e9e \u00e0 des projets pr\u00e9cis : achat immobilier, \u00e9tudes, retraite, transmission ou simplement volont\u00e9 de gagner en s\u00e9curit\u00e9 financi\u00e8re.<\/p>\n<\/div>\n<div style=\"display: grid; gap: 14px;\">\n<div style=\"background: #fbfaf7; border-radius: 16px; padding: 16px 18px;\">\u2022 Pr\u00e9parer un projet immobilier<\/div>\n<div style=\"background: #fbfaf7; border-radius: 16px; padding: 16px 18px;\">\u2022 Anticiper les \u00e9tudes des enfants<\/div>\n<div style=\"background: #fbfaf7; border-radius: 16px; padding: 16px 18px;\">\u2022 Compl\u00e9ter ses revenus \u00e0 la retraite<\/div>\n<div style=\"background: #fbfaf7; border-radius: 16px; padding: 16px 18px;\">\u2022 Pr\u00e9voir la transmission d\u2019un capital<\/div>\n<\/div>\n<\/div>\n<\/div>\n<\/div>\n<p><!-- TEXTE DE FERMETURE --><\/p>\n<div style=\"max-width: 900px; margin: 0 auto; padding: 0 20px 40px 20px; text-align: center;\">\n<h2 style=\"font-size: 36px; color: #1d2f5f; margin-bottom: 14px;\">Donner du sens \u00e0 son \u00e9pargne<\/h2>\n<p style=\"font-size: 18px; line-height: 1.9; color: #5a6170; margin: 0;\">\u00c9pargner ne consiste pas seulement \u00e0 accumuler. C\u2019est aussi organiser, anticiper et construire une trajectoire financi\u00e8re qui vous ressemble.<\/p>\n<\/div>\n<p><!-- CTA DISCRET --><\/p>\n<div style=\"max-width: 800px; margin: 0 auto; padding: 0 20px 100px 20px; text-align: center;\"><a style=\"background: #1d2f5f; color: #fff; text-decoration: none; padding: 14px 26px; border-radius: 999px; font-weight: 600; display: inline-block;\" href=\"https:\/\/www.gan.fr\/produit\/assurance-vie-epargne\/#demande_devis\">Faire le point sur mon \u00e9pargne<br \/>\n<\/a><\/div>\n<\/section>\n","protected":false},"excerpt":{"rendered":"<p>\u00c9pargne Faire grandir son \u00e9pargne, donner plus de port\u00e9e \u00e0 ses projets \u00c9pargner, ce n\u2019est [&hellip;]<\/p>\n","protected":false},"author":2,"featured_media":0,"parent":0,"menu_order":0,"comment_status":"closed","ping_status":"closed","template":"","meta":{"footnotes":""},"class_list":["post-325","page","type-page","status-publish","hentry"],"_links":{"self":[{"href":"https:\/\/ganassurancesghisonacciamoriani.mastermarketing.cloud\/index.php\/wp-json\/wp\/v2\/pages\/325","targetHints":{"allow":["GET"]}}],"collection":[{"href":"https:\/\/ganassurancesghisonacciamoriani.mastermarketing.cloud\/index.php\/wp-json\/wp\/v2\/pages"}],"about":[{"href":"https:\/\/ganassurancesghisonacciamoriani.mastermarketing.cloud\/index.php\/wp-json\/wp\/v2\/types\/page"}],"author":[{"embeddable":true,"href":"https:\/\/ganassurancesghisonacciamoriani.mastermarketing.cloud\/index.php\/wp-json\/wp\/v2\/users\/2"}],"replies":[{"embeddable":true,"href":"https:\/\/ganassurancesghisonacciamoriani.mastermarketing.cloud\/index.php\/wp-json\/wp\/v2\/comments?post=325"}],"version-history":[{"count":3,"href":"https:\/\/ganassurancesghisonacciamoriani.mastermarketing.cloud\/index.php\/wp-json\/wp\/v2\/pages\/325\/revisions"}],"predecessor-version":[{"id":358,"href":"https:\/\/ganassurancesghisonacciamoriani.mastermarketing.cloud\/index.php\/wp-json\/wp\/v2\/pages\/325\/revisions\/358"}],"wp:attachment":[{"href":"https:\/\/ganassurancesghisonacciamoriani.mastermarketing.cloud\/index.php\/wp-json\/wp\/v2\/media?parent=325"}],"curies":[{"name":"wp","href":"https:\/\/api.w.org\/{rel}","templated":true}]}}