{"id":94,"date":"2026-02-13T13:01:33","date_gmt":"2026-02-13T13:01:33","guid":{"rendered":"https:\/\/ganassurancesghisonacciamoriani.mastermarketing.cloud\/?page_id=94"},"modified":"2026-03-17T18:27:12","modified_gmt":"2026-03-17T18:27:12","slug":"assurance-scolaire","status":"publish","type":"page","link":"https:\/\/ganassurancesghisonacciamoriani.mastermarketing.cloud\/index.php\/assurance-scolaire\/","title":{"rendered":"Parce que les impr\u00e9vus peuvent aussi arriver \u00e0 l\u2019\u00e9cole."},"content":{"rendered":"\n<div class=\"wp-block-group has-white-background-color has-background is-layout-constrained wp-container-core-group-is-layout-c10fee44 wp-block-group-is-layout-constrained\" style=\"border-style:none;border-width:0px;padding-top:80px;padding-right:30px;padding-bottom:80px;padding-left:30px\">\n<div class=\"wp-block-group alignwide is-layout-constrained wp-container-core-group-is-layout-19e250f3 wp-block-group-is-layout-constrained\">\n<div class=\"wp-block-media-text alignwide is-stacked-on-mobile is-image-fill-element has-no-hover-shadow-dark  animated animated-fadeInUp\"><figure class=\"wp-block-media-text__media\"><img loading=\"lazy\" decoding=\"async\" width=\"724\" height=\"1024\" src=\"https:\/\/ganassurancesghisonacciamoriani.mastermarketing.cloud\/wp-content\/uploads\/2026\/02\/Design-sans-titre-1-724x1024.jpg\" alt=\"\" class=\"wp-image-113 size-full\" style=\"object-position:50% 50%\" srcset=\"https:\/\/ganassurancesghisonacciamoriani.mastermarketing.cloud\/wp-content\/uploads\/2026\/02\/Design-sans-titre-1-724x1024.jpg 724w, https:\/\/ganassurancesghisonacciamoriani.mastermarketing.cloud\/wp-content\/uploads\/2026\/02\/Design-sans-titre-1-212x300.jpg 212w, https:\/\/ganassurancesghisonacciamoriani.mastermarketing.cloud\/wp-content\/uploads\/2026\/02\/Design-sans-titre-1-768x1086.jpg 768w, https:\/\/ganassurancesghisonacciamoriani.mastermarketing.cloud\/wp-content\/uploads\/2026\/02\/Design-sans-titre-1-1086x1536.jpg 1086w, https:\/\/ganassurancesghisonacciamoriani.mastermarketing.cloud\/wp-content\/uploads\/2026\/02\/Design-sans-titre-1-1448x2048.jpg 1448w, https:\/\/ganassurancesghisonacciamoriani.mastermarketing.cloud\/wp-content\/uploads\/2026\/02\/Design-sans-titre-1-scaled.jpg 1810w\" sizes=\"auto, (max-width: 724px) 100vw, 724px\" \/><\/figure><div class=\"wp-block-media-text__content\">\n<div class=\"wp-block-group is-layout-constrained wp-container-core-group-is-layout-ea89d0d6 wp-block-group-is-layout-constrained\" style=\"padding-top:var(--wp--preset--spacing--80);padding-right:var(--wp--preset--spacing--50);padding-bottom:var(--wp--preset--spacing--80);padding-left:var(--wp--preset--spacing--50)\">\n<h3 class=\"wp-block-heading has-text-align-left has-large-font-size\" style=\"margin-top:10px;margin-right:10px;margin-bottom:10px;margin-left:10px;font-style:normal;font-weight:600\">Assurance scolaire<\/h3>\n\n\n\n<p class=\"has-text-align-left\">L\u2019assurance scolaire prot\u00e8ge votre enfant en cas d\u2019accident \u00e0 l\u2019\u00e9cole, lors des activit\u00e9s p\u00e9riscolaires ou des sorties organis\u00e9es.<br>Elle couvre les dommages qu\u2019il pourrait subir ou causer \u00e0 un tiers, pour une ann\u00e9e en toute s\u00e9r\u00e9nit\u00e9.<\/p>\n\n\n\n<div class=\"wp-block-group is-nowrap is-layout-flex wp-container-core-group-is-layout-6a3858a2 wp-block-group-is-layout-flex\" style=\"line-height:2.1\">\n<ul class=\"wp-block-list gutenify-list-style-five animated animated-fadeInUp fadeInUp\">\n<li>Responsabilit\u00e9 civile<\/li>\n\n\n\n<li>Activit\u00e9s p\u00e9riscolaires<\/li>\n\n\n\n<li>Sorties et voyages scolaires<\/li>\n\n\n\n<li>Assistance en cas d\u2019accident<\/li>\n\n\n\n<li>Protection toute l\u2019ann\u00e9e<\/li>\n<\/ul>\n<\/div>\n<\/div>\n<\/div><\/div>\n\n\n\n<div class=\"wp-block-media-text alignwide has-media-on-the-right is-stacked-on-mobile is-image-fill-element has-no-hover-shadow-dark  animated animated-fadeInUp\"><div class=\"wp-block-media-text__content\">\n<div class=\"wp-block-group is-layout-constrained wp-container-core-group-is-layout-8e60cdd4 wp-block-group-is-layout-constrained\" style=\"padding-top:var(--wp--preset--spacing--70);padding-right:var(--wp--preset--spacing--50);padding-bottom:var(--wp--preset--spacing--70);padding-left:var(--wp--preset--spacing--50)\">\n<h3 class=\"wp-block-heading has-text-align-left has-large-font-size\" style=\"margin-top:10px;margin-right:10px;margin-bottom:10px;margin-left:10px\">Pourquoi souscrire ?<\/h3>\n\n\n\n<p class=\"has-text-align-left\">Une chute dans la cour, un cartable endommag\u00e9, un accident lors d\u2019une sortie\u2026<\/p>\n\n\n\n<p class=\"has-text-align-left\"><br>Les impr\u00e9vus peuvent arriver \u00e0 tout moment.<br>L\u2019assurance scolaire permet d\u2019\u00e9viter des frais impr\u00e9vus et de prot\u00e9ger votre enfant en toute circonstance.<\/p>\n\n\n\n<div class=\"wp-block-group is-nowrap is-layout-flex wp-container-core-group-is-layout-6a3858a2 wp-block-group-is-layout-flex\" style=\"line-height:2.1\">\n<ul class=\"wp-block-list gutenify-list-style-five animated animated-fadeInUp fadeInUp\">\n<li>Protection adapt\u00e9e \u00e0 chaque \u00e2ge<\/li>\n\n\n\n<li>Couverture rapide<\/li>\n\n\n\n<li>Solutions claires et simples<\/li>\n\n\n\n<li>Protection toute l\u2019ann\u00e9e<\/li>\n<\/ul>\n<\/div>\n<\/div>\n<\/div><figure class=\"wp-block-media-text__media\"><img loading=\"lazy\" decoding=\"async\" width=\"1009\" height=\"1024\" src=\"https:\/\/ganassurancesghisonacciamoriani.mastermarketing.cloud\/wp-content\/uploads\/2026\/02\/Capture-decran-2026-02-13-a-15.00.30-1009x1024.png\" alt=\"\" class=\"wp-image-115 size-full\" style=\"object-position:50% 50%\" srcset=\"https:\/\/ganassurancesghisonacciamoriani.mastermarketing.cloud\/wp-content\/uploads\/2026\/02\/Capture-decran-2026-02-13-a-15.00.30-1009x1024.png 1009w, https:\/\/ganassurancesghisonacciamoriani.mastermarketing.cloud\/wp-content\/uploads\/2026\/02\/Capture-decran-2026-02-13-a-15.00.30-296x300.png 296w, https:\/\/ganassurancesghisonacciamoriani.mastermarketing.cloud\/wp-content\/uploads\/2026\/02\/Capture-decran-2026-02-13-a-15.00.30-768x779.png 768w, https:\/\/ganassurancesghisonacciamoriani.mastermarketing.cloud\/wp-content\/uploads\/2026\/02\/Capture-decran-2026-02-13-a-15.00.30.png 1072w\" sizes=\"auto, (max-width: 1009px) 100vw, 1009px\" \/><\/figure><\/div>\n\n\n\n<div class=\"wp-block-media-text alignwide is-stacked-on-mobile is-image-fill-element has-no-hover-shadow-dark  animated animated-fadeInUp\"><figure class=\"wp-block-media-text__media\"><img loading=\"lazy\" decoding=\"async\" width=\"724\" height=\"1024\" src=\"https:\/\/ganassurancesghisonacciamoriani.mastermarketing.cloud\/wp-content\/uploads\/2026\/02\/Design-sans-titre-2-724x1024.jpg\" alt=\"\" class=\"wp-image-117 size-full\" style=\"object-position:50% 50%\" srcset=\"https:\/\/ganassurancesghisonacciamoriani.mastermarketing.cloud\/wp-content\/uploads\/2026\/02\/Design-sans-titre-2-724x1024.jpg 724w, https:\/\/ganassurancesghisonacciamoriani.mastermarketing.cloud\/wp-content\/uploads\/2026\/02\/Design-sans-titre-2-212x300.jpg 212w, https:\/\/ganassurancesghisonacciamoriani.mastermarketing.cloud\/wp-content\/uploads\/2026\/02\/Design-sans-titre-2-768x1086.jpg 768w, https:\/\/ganassurancesghisonacciamoriani.mastermarketing.cloud\/wp-content\/uploads\/2026\/02\/Design-sans-titre-2-1086x1536.jpg 1086w, https:\/\/ganassurancesghisonacciamoriani.mastermarketing.cloud\/wp-content\/uploads\/2026\/02\/Design-sans-titre-2-1448x2048.jpg 1448w, https:\/\/ganassurancesghisonacciamoriani.mastermarketing.cloud\/wp-content\/uploads\/2026\/02\/Design-sans-titre-2-scaled.jpg 1810w\" sizes=\"auto, (max-width: 724px) 100vw, 724px\" \/><\/figure><div class=\"wp-block-media-text__content\">\n<div class=\"wp-block-group is-layout-constrained wp-container-core-group-is-layout-68f19db2 wp-block-group-is-layout-constrained\" style=\"padding-top:var(--wp--preset--spacing--80);padding-right:var(--wp--preset--spacing--50);padding-bottom:var(--wp--preset--spacing--80);padding-left:var(--wp--preset--spacing--50)\">\n<h3 class=\"wp-block-heading has-text-align-left has-large-font-size\" style=\"margin-top:10px;margin-right:10px;margin-bottom:10px;margin-left:10px\">Pr\u00e9parer la rentr\u00e9e en toute s\u00e9r\u00e9nit\u00e9<\/h3>\n\n\n\n<p class=\"has-text-align-left\">Chaque rentr\u00e9e est une nouvelle \u00e9tape.<br>Nous vous accompagnons pour choisir une protection adapt\u00e9e \u00e0 votre enfant et \u00e0 votre situation.<\/p>\n\n\n\n<div class=\"wp-block-buttons is-layout-flex wp-block-buttons-is-layout-flex\">\n<div class=\"wp-block-button\"><a class=\"wp-block-button__link wp-element-button\" href=\"https:\/\/ganassurancesghisonacciamoriani.mastermarketing.cloud\/index.php\/etre-rappele\/\">\u00catre rappel\u00e9<\/a><\/div>\n<\/div>\n<\/div>\n<\/div><\/div>\n<\/div>\n<\/div>\n","protected":false},"excerpt":{"rendered":"<p>Assurance scolaire L\u2019assurance scolaire prot\u00e8ge votre enfant en cas d\u2019accident \u00e0 l\u2019\u00e9cole, lors des activit\u00e9s [&hellip;]<\/p>\n","protected":false},"author":2,"featured_media":0,"parent":0,"menu_order":0,"comment_status":"closed","ping_status":"closed","template":"","meta":{"footnotes":""},"class_list":["post-94","page","type-page","status-publish","hentry"],"_links":{"self":[{"href":"https:\/\/ganassurancesghisonacciamoriani.mastermarketing.cloud\/index.php\/wp-json\/wp\/v2\/pages\/94","targetHints":{"allow":["GET"]}}],"collection":[{"href":"https:\/\/ganassurancesghisonacciamoriani.mastermarketing.cloud\/index.php\/wp-json\/wp\/v2\/pages"}],"about":[{"href":"https:\/\/ganassurancesghisonacciamoriani.mastermarketing.cloud\/index.php\/wp-json\/wp\/v2\/types\/page"}],"author":[{"embeddable":true,"href":"https:\/\/ganassurancesghisonacciamoriani.mastermarketing.cloud\/index.php\/wp-json\/wp\/v2\/users\/2"}],"replies":[{"embeddable":true,"href":"https:\/\/ganassurancesghisonacciamoriani.mastermarketing.cloud\/index.php\/wp-json\/wp\/v2\/comments?post=94"}],"version-history":[{"count":15,"href":"https:\/\/ganassurancesghisonacciamoriani.mastermarketing.cloud\/index.php\/wp-json\/wp\/v2\/pages\/94\/revisions"}],"predecessor-version":[{"id":203,"href":"https:\/\/ganassurancesghisonacciamoriani.mastermarketing.cloud\/index.php\/wp-json\/wp\/v2\/pages\/94\/revisions\/203"}],"wp:attachment":[{"href":"https:\/\/ganassurancesghisonacciamoriani.mastermarketing.cloud\/index.php\/wp-json\/wp\/v2\/media?parent=94"}],"curies":[{"name":"wp","href":"https:\/\/api.w.org\/{rel}","templated":true}]}}